{"id":173,"date":"2025-01-11T12:17:17","date_gmt":"2025-01-11T09:17:17","guid":{"rendered":"https:\/\/bhltekstil.com\/?page_id=173"},"modified":"2025-01-11T12:18:46","modified_gmt":"2025-01-11T09:18:46","slug":"contact","status":"publish","type":"page","link":"https:\/\/bhltekstil.com\/en\/contact\/","title":{"rendered":"Contact"},"content":{"rendered":"<p class=\"has-medium-font-size\"><strong>BHL TEKST\u0130L SAN. VE T\u0130C. LTD. \u015eT\u0130<\/strong>.<\/p>\n\n\n\n<p><strong>Adres:<\/strong> Merkez Mah. Do\u011fu Sanayi Sitesi, 3. Blok No : 1, Yenibosna-Bah\u00e7elievler\/\u0130stanbul<\/p>\n\n\n\n<p><strong><strong>Phone<\/strong><\/strong> <strong>:<\/strong> 0532 425 09 88<\/p>\n\n\n\n<p><strong>e-mail:<\/strong> info@bhltekstil.com<\/p>\n\n\n<p><iframe src=\"https:\/\/www.google.com\/maps\/embed?pb=!1m18!1m12!1m3!1d3010.359385036081!2d28.817144275558665!3d41.017392718864286!2m3!1f0!2f0!3f0!3m2!1i1024!2i768!4f13.1!3m3!1m2!1s0x14caa5ddb32c6c53%3A0xa52497ec903e80ae!2zQkhMIFRFS1NUxLBMIFNBTi4gVkUgVMSwQy4gTFRELiDFnlTEsC4!5e0!3m2!1str!2str!4v1736433049798!5m2!1str!2str\" width=\"600\" height=\"450\" style=\"border:0;\" allowfullscreen=\"\" loading=\"lazy\" referrerpolicy=\"no-referrer-when-downgrade\"><\/iframe><\/p>","protected":false},"excerpt":{"rendered":"<p>BHL TEKST\u0130L SAN. VE T\u0130C. LTD. \u015eT\u0130. Adres: Merkez Mah. Do\u011fu Sanayi Sitesi, 3. Blok No : 1, Yenibosna-Bah\u00e7elievler\/\u0130stanbul Phone : 0532 425 09 88 e-mail: info@bhltekstil.com<\/p>","protected":false},"author":1,"featured_media":0,"parent":0,"menu_order":0,"comment_status":"closed","ping_status":"closed","template":"","meta":{"footnotes":""},"class_list":["post-173","page","type-page","status-publish","hentry"],"_links":{"self":[{"href":"https:\/\/bhltekstil.com\/en\/wp-json\/wp\/v2\/pages\/173","targetHints":{"allow":["GET"]}}],"collection":[{"href":"https:\/\/bhltekstil.com\/en\/wp-json\/wp\/v2\/pages"}],"about":[{"href":"https:\/\/bhltekstil.com\/en\/wp-json\/wp\/v2\/types\/page"}],"author":[{"embeddable":true,"href":"https:\/\/bhltekstil.com\/en\/wp-json\/wp\/v2\/users\/1"}],"replies":[{"embeddable":true,"href":"https:\/\/bhltekstil.com\/en\/wp-json\/wp\/v2\/comments?post=173"}],"version-history":[{"count":5,"href":"https:\/\/bhltekstil.com\/en\/wp-json\/wp\/v2\/pages\/173\/revisions"}],"predecessor-version":[{"id":178,"href":"https:\/\/bhltekstil.com\/en\/wp-json\/wp\/v2\/pages\/173\/revisions\/178"}],"wp:attachment":[{"href":"https:\/\/bhltekstil.com\/en\/wp-json\/wp\/v2\/media?parent=173"}],"curies":[{"name":"wp","href":"https:\/\/api.w.org\/{rel}","templated":true}]}}